{"id":24801,"date":"2025-04-01T08:22:54","date_gmt":"2025-04-01T08:22:54","guid":{"rendered":"https:\/\/anaserrano.essedi.es\/?page_id=24801"},"modified":"2025-04-03T06:25:40","modified_gmt":"2025-04-03T06:25:40","slug":"linfedema","status":"publish","type":"page","link":"https:\/\/anaserrano.essedi.es\/en\/linfedema\/","title":{"rendered":"Linfedema"},"content":{"rendered":"<div data-elementor-type=\"wp-page\" data-elementor-id=\"24801\" class=\"elementor elementor-24801\">\n\t\t\t\t\t\t<section class=\"elementor-section elementor-top-section elementor-element elementor-element-dcc6190 elementor-section-full_width elementor-section-height-min-height qodef-elementor-content-grid elementor-section-stretched elementor-section-height-default elementor-section-items-middle\" data-id=\"dcc6190\" data-element_type=\"section\" data-settings=\"{&quot;background_background&quot;:&quot;classic&quot;,&quot;stretch_section&quot;:&quot;section-stretched&quot;}\">\n\t\t\t\t\t\t<div class=\"elementor-container elementor-column-gap-default\">\n\t\t\t\t\t<div class=\"elementor-column elementor-col-100 elementor-top-column elementor-element elementor-element-cdfad96\" data-id=\"cdfad96\" data-element_type=\"column\">\n\t\t\t<div class=\"elementor-widget-wrap elementor-element-populated\">\n\t\t\t\t\t\t<div class=\"elementor-element elementor-element-e24951e elementor-widget__width-initial elementor-widget-tablet__width-initial elementor-widget elementor-widget-hibiscus_core_section_title\" data-id=\"e24951e\" data-element_type=\"widget\" data-widget_type=\"hibiscus_core_section_title.default\">\n\t\t\t\t<div class=\"elementor-widget-container\">\n\t\t\t\t\t<div class=\"qodef-shortcode qodef-m  qodef-section-title qodef-alignment--center qodef-responsive-center--under-680  qodef--has-appear\">\n\t<div class=\"qodef-e-sunrays\" style=\"color: #FFD52D\">\n\t\t<svg class=\"qodef-svg--sunrays\" xmlns=\"http:\/\/www.w3.org\/2000\/svg\" width=\"55\" height=\"30\" viewbox=\"0 0 55 30\"><g transform=\"translate(-1432 -588)\"><line x1=\"18\" transform=\"translate(1432 617.5)\" fill=\"none\" stroke=\"currentColor\" stroke-miterlimit=\"10\" stroke-width=\"1\"\/><line x1=\"16.628\" y1=\"6.889\" transform=\"translate(1433.458 607.414)\" fill=\"none\" stroke=\"currentColor\" stroke-miterlimit=\"10\" stroke-width=\"1\"\/><line x1=\"12.727\" y1=\"12.728\" transform=\"translate(1439.408 598.494)\" fill=\"none\" stroke=\"currentColor\" stroke-miterlimit=\"10\" stroke-width=\"1\"\/><line x1=\"6.888\" y1=\"16.629\" transform=\"translate(1448.056 591.685)\" fill=\"none\" stroke=\"currentColor\" stroke-miterlimit=\"10\" stroke-width=\"1\"\/><line y1=\"19\" transform=\"translate(1459.5 588)\" fill=\"none\" stroke=\"currentColor\" stroke-miterlimit=\"10\" stroke-width=\"1\"\/><line y1=\"16.631\" x2=\"6.888\" transform=\"translate(1464.056 591.685)\" fill=\"none\" stroke=\"currentColor\" stroke-miterlimit=\"10\" stroke-width=\"1\"\/><line x2=\"12.729\" y1=\"12.729\" y2=\"0\" transform=\"translate(1466.57 598.493)\" fill=\"none\" stroke=\"currentColor\" stroke-miterlimit=\"10\" stroke-width=\"1\"\/><line x2=\"16.631\" y1=\"6.889\" y2=\"0\" transform=\"translate(1468.619 607.414)\" fill=\"none\" stroke=\"currentColor\" stroke-miterlimit=\"10\" stroke-width=\"1\"\/><line x2=\"18\" transform=\"translate(1469 617.5)\" fill=\"none\" stroke=\"currentColor\" stroke-miterlimit=\"10\" stroke-width=\"1\"\/><\/g><\/svg>\t<\/div>\n\t\t<h3 class=\"qodef-m-title\" style=\"color: #FFFFFF\">\n\t\t\t\t\tPrograma de Prevenci\u00f3n y Tratamiento del Linfedema\t\t\t<\/h3>\n\t\t<\/div>\n\t\t\t\t<\/div>\n\t\t\t\t<\/div>\n\t\t\t\t\t<\/div>\n\t\t<\/div>\n\t\t\t\t\t<\/div>\n\t\t<\/section>\n\t\t\t\t<section class=\"elementor-section elementor-top-section elementor-element elementor-element-c05d68b elementor-section-full_width qodef-elementor-content-grid elementor-section-height-default elementor-section-height-default\" data-id=\"c05d68b\" data-element_type=\"section\" data-settings=\"{&quot;background_background&quot;:&quot;classic&quot;}\">\n\t\t\t\t\t\t<div class=\"elementor-container elementor-column-gap-default\">\n\t\t\t\t\t<div class=\"elementor-column elementor-col-100 elementor-top-column elementor-element elementor-element-d187193\" data-id=\"d187193\" data-element_type=\"column\">\n\t\t\t<div class=\"elementor-widget-wrap elementor-element-populated\">\n\t\t\t\t\t\t<div class=\"elementor-element elementor-element-a6dc5f6 elementor-widget__width-initial elementor-widget elementor-widget-text-editor\" data-id=\"a6dc5f6\" data-element_type=\"widget\" data-widget_type=\"text-editor.default\">\n\t\t\t\t<div class=\"elementor-widget-container\">\n\t\t\t\t\t\t\t\t\t<p>El linfedema es una complicaci\u00f3n frecuente en pacientes oncol\u00f3gicos, no solo en Miembros superiores en el c\u00e1ncer de mama, sino tambi\u00e9n en la mama, en c\u00e1nceres de cabeza y cuello, en Miembros inferiores en ginecol\u00f3gicos o urol\u00f3gicos, donde la cirug\u00eda y la radioterapia afectan los ganglios linf\u00e1ticos. Su aparici\u00f3n puede generar hinchaz\u00f3n, pesadez y limitaciones funcionales, impactando la calidad de vida.<\/p>\t\t\t\t\t\t\t\t<\/div>\n\t\t\t\t<\/div>\n\t\t\t\t\t<\/div>\n\t\t<\/div>\n\t\t\t\t\t<\/div>\n\t\t<\/section>\n\t\t\t\t<section class=\"elementor-section elementor-top-section elementor-element elementor-element-c24df22 elementor-section-full_width qodef-elementor-content-grid elementor-section-height-default elementor-section-height-default\" data-id=\"c24df22\" data-element_type=\"section\" data-settings=\"{&quot;background_background&quot;:&quot;classic&quot;}\">\n\t\t\t\t\t\t<div class=\"elementor-container elementor-column-gap-default\">\n\t\t\t\t\t<div class=\"elementor-column elementor-col-50 elementor-top-column elementor-element elementor-element-57a051c\" data-id=\"57a051c\" data-element_type=\"column\">\n\t\t\t<div class=\"elementor-widget-wrap elementor-element-populated\">\n\t\t\t\t\t\t<div class=\"elementor-element elementor-element-9b20498 elementor-widget__width-initial elementor-widget elementor-widget-text-editor\" data-id=\"9b20498\" data-element_type=\"widget\" data-widget_type=\"text-editor.default\">\n\t\t\t\t<div class=\"elementor-widget-container\">\n\t\t\t\t\t\t\t\t\t<p>Este programa est\u00e1 dise\u00f1ado para prevenir su desarrollo y tratarlo de manera eficaz, mejorando la circulaci\u00f3n, reduciendo la inflamaci\u00f3n y favoreciendo la recuperaci\u00f3n.<\/p><ul><li><strong>Prevenci\u00f3n:<\/strong> Seguimiento y educaci\u00f3n , cuidados de la piel y estrategias para reducir el riesgo de linfedema.<\/li><li><strong>Tratamiento:<\/strong> El linfedema tiene como tratamiento conservador exclusivamente la fisioterapia especializada en Terapia Descongestiva Compleja, esto incluye, Drenaje Linf\u00e1tico Manual, Vendajes Multicapa, Contenci\u00f3n y ejercicios linfocin\u00e9ticos.<\/li><li><strong>Recuperaci\u00f3n funcional:<\/strong> Mejora del rango de movimiento y adaptaci\u00f3n a las actividades diarias para minimizar molestias y limitaciones.<\/li><\/ul>\t\t\t\t\t\t\t\t<\/div>\n\t\t\t\t<\/div>\n\t\t\t\t\t<\/div>\n\t\t<\/div>\n\t\t\t\t<div class=\"elementor-column elementor-col-50 elementor-top-column elementor-element elementor-element-9204472\" data-id=\"9204472\" data-element_type=\"column\">\n\t\t\t<div class=\"elementor-widget-wrap elementor-element-populated\">\n\t\t\t\t\t\t<div class=\"elementor-element elementor-element-957062a elementor-widget elementor-widget-image\" data-id=\"957062a\" data-element_type=\"widget\" data-widget_type=\"image.default\">\n\t\t\t\t<div class=\"elementor-widget-container\">\n\t\t\t\t\t\t\t\t\t\t\t\t\t\t\t<img fetchpriority=\"high\" decoding=\"async\" width=\"620\" height=\"400\" src=\"https:\/\/anaserrano.essedi.es\/wp-content\/uploads\/2025\/03\/fases-1.jpg\" class=\"attachment-large size-large wp-image-24300\" alt=\"\" srcset=\"https:\/\/anaserrano.essedi.es\/wp-content\/uploads\/2025\/03\/fases-1.jpg 620w, https:\/\/anaserrano.essedi.es\/wp-content\/uploads\/2025\/03\/fases-1-300x194.jpg 300w, https:\/\/anaserrano.essedi.es\/wp-content\/uploads\/2025\/03\/fases-1-18x12.jpg 18w\" sizes=\"(max-width: 620px) 100vw, 620px\" \/>\t\t\t\t\t\t\t\t\t\t\t\t\t\t\t<\/div>\n\t\t\t\t<\/div>\n\t\t\t\t\t<\/div>\n\t\t<\/div>\n\t\t\t\t\t<\/div>\n\t\t<\/section>\n\t\t\t\t<\/div>","protected":false},"excerpt":{"rendered":"<p>Programa de Prevenci\u00f3n y Tratamiento del Linfedema El linfedema es una complicaci\u00f3n frecuente en pacientes oncol\u00f3gicos, no solo en Miembros superiores en el c\u00e1ncer de mama, sino tambi\u00e9n en la mama, en c\u00e1nceres de cabeza y cuello, en Miembros inferiores en ginecol\u00f3gicos o urol\u00f3gicos, donde la cirug\u00eda y la radioterapia afectan los ganglios linf\u00e1ticos. Su [&hellip;]<\/p>","protected":false},"author":1,"featured_media":0,"parent":0,"menu_order":0,"comment_status":"closed","ping_status":"closed","template":"page-full-width.php","meta":{"footnotes":""},"class_list":["post-24801","page","type-page","status-publish","hentry"],"yoast_head":"<!-- This site is optimized with the Yoast SEO plugin v24.6 - https:\/\/yoast.com\/wordpress\/plugins\/seo\/ -->\n<title>Linfedema - Ana Serrano<\/title>\n<meta name=\"robots\" content=\"index, follow, max-snippet:-1, max-image-preview:large, max-video-preview:-1\" \/>\n<link rel=\"canonical\" href=\"https:\/\/anaserrano.essedi.es\/en\/linfedema\/\" \/>\n<meta property=\"og:locale\" content=\"en_GB\" \/>\n<meta property=\"og:type\" content=\"article\" \/>\n<meta property=\"og:title\" content=\"Linfedema - Ana Serrano\" \/>\n<meta property=\"og:description\" content=\"Programa de Prevenci\u00f3n y Tratamiento del Linfedema El linfedema es una complicaci\u00f3n frecuente en pacientes oncol\u00f3gicos, no solo en Miembros superiores en el c\u00e1ncer de mama, sino tambi\u00e9n en la mama, en c\u00e1nceres de cabeza y cuello, en Miembros inferiores en ginecol\u00f3gicos o urol\u00f3gicos, donde la cirug\u00eda y la radioterapia afectan los ganglios linf\u00e1ticos. Su [&hellip;]\" \/>\n<meta property=\"og:url\" content=\"https:\/\/anaserrano.essedi.es\/en\/linfedema\/\" \/>\n<meta property=\"og:site_name\" content=\"Ana Serrano\" \/>\n<meta property=\"article:modified_time\" content=\"2025-04-03T06:25:40+00:00\" \/>\n<meta property=\"og:image\" content=\"https:\/\/anaserrano.essedi.es\/wp-content\/uploads\/2025\/03\/fases-1.jpg\" \/>\n\t<meta property=\"og:image:width\" content=\"620\" \/>\n\t<meta property=\"og:image:height\" content=\"400\" \/>\n\t<meta property=\"og:image:type\" content=\"image\/jpeg\" \/>\n<meta name=\"twitter:card\" content=\"summary_large_image\" \/>\n<meta name=\"twitter:label1\" content=\"Estimated reading time\" \/>\n\t<meta name=\"twitter:data1\" content=\"1 minute\" \/>\n<script type=\"application\/ld+json\" class=\"yoast-schema-graph\">{\"@context\":\"https:\/\/schema.org\",\"@graph\":[{\"@type\":\"WebPage\",\"@id\":\"https:\/\/anaserrano.essedi.es\/linfedema\/\",\"url\":\"https:\/\/anaserrano.essedi.es\/linfedema\/\",\"name\":\"Linfedema - Ana Serrano\",\"isPartOf\":{\"@id\":\"https:\/\/anaserrano.essedi.es\/#website\"},\"primaryImageOfPage\":{\"@id\":\"https:\/\/anaserrano.essedi.es\/linfedema\/#primaryimage\"},\"image\":{\"@id\":\"https:\/\/anaserrano.essedi.es\/linfedema\/#primaryimage\"},\"thumbnailUrl\":\"https:\/\/anaserrano.essedi.es\/wp-content\/uploads\/2025\/03\/fases-1.jpg\",\"datePublished\":\"2025-04-01T08:22:54+00:00\",\"dateModified\":\"2025-04-03T06:25:40+00:00\",\"breadcrumb\":{\"@id\":\"https:\/\/anaserrano.essedi.es\/linfedema\/#breadcrumb\"},\"inLanguage\":\"en-GB\",\"potentialAction\":[{\"@type\":\"ReadAction\",\"target\":[\"https:\/\/anaserrano.essedi.es\/linfedema\/\"]}]},{\"@type\":\"ImageObject\",\"inLanguage\":\"en-GB\",\"@id\":\"https:\/\/anaserrano.essedi.es\/linfedema\/#primaryimage\",\"url\":\"https:\/\/anaserrano.essedi.es\/wp-content\/uploads\/2025\/03\/fases-1.jpg\",\"contentUrl\":\"https:\/\/anaserrano.essedi.es\/wp-content\/uploads\/2025\/03\/fases-1.jpg\"},{\"@type\":\"BreadcrumbList\",\"@id\":\"https:\/\/anaserrano.essedi.es\/linfedema\/#breadcrumb\",\"itemListElement\":[{\"@type\":\"ListItem\",\"position\":1,\"name\":\"Portada\",\"item\":\"https:\/\/anaserrano.essedi.es\/\"},{\"@type\":\"ListItem\",\"position\":2,\"name\":\"Linfedema\"}]},{\"@type\":\"WebSite\",\"@id\":\"https:\/\/anaserrano.essedi.es\/#website\",\"url\":\"https:\/\/anaserrano.essedi.es\/\",\"name\":\"Ana Serrano\",\"description\":\"\",\"potentialAction\":[{\"@type\":\"SearchAction\",\"target\":{\"@type\":\"EntryPoint\",\"urlTemplate\":\"https:\/\/anaserrano.essedi.es\/?s={search_term_string}\"},\"query-input\":{\"@type\":\"PropertyValueSpecification\",\"valueRequired\":true,\"valueName\":\"search_term_string\"}}],\"inLanguage\":\"en-GB\"}]}<\/script>\n<!-- \/ Yoast SEO plugin. -->","yoast_head_json":{"title":"Linfedema - Ana Serrano","robots":{"index":"index","follow":"follow","max-snippet":"max-snippet:-1","max-image-preview":"max-image-preview:large","max-video-preview":"max-video-preview:-1"},"canonical":"https:\/\/anaserrano.essedi.es\/en\/linfedema\/","og_locale":"en_GB","og_type":"article","og_title":"Linfedema - Ana Serrano","og_description":"Programa de Prevenci\u00f3n y Tratamiento del Linfedema El linfedema es una complicaci\u00f3n frecuente en pacientes oncol\u00f3gicos, no solo en Miembros superiores en el c\u00e1ncer de mama, sino tambi\u00e9n en la mama, en c\u00e1nceres de cabeza y cuello, en Miembros inferiores en ginecol\u00f3gicos o urol\u00f3gicos, donde la cirug\u00eda y la radioterapia afectan los ganglios linf\u00e1ticos. Su [&hellip;]","og_url":"https:\/\/anaserrano.essedi.es\/en\/linfedema\/","og_site_name":"Ana Serrano","article_modified_time":"2025-04-03T06:25:40+00:00","og_image":[{"width":620,"height":400,"url":"https:\/\/anaserrano.essedi.es\/wp-content\/uploads\/2025\/03\/fases-1.jpg","type":"image\/jpeg"}],"twitter_card":"summary_large_image","twitter_misc":{"Estimated reading time":"1 minute"},"schema":{"@context":"https:\/\/schema.org","@graph":[{"@type":"WebPage","@id":"https:\/\/anaserrano.essedi.es\/linfedema\/","url":"https:\/\/anaserrano.essedi.es\/linfedema\/","name":"Linfedema - Ana Serrano","isPartOf":{"@id":"https:\/\/anaserrano.essedi.es\/#website"},"primaryImageOfPage":{"@id":"https:\/\/anaserrano.essedi.es\/linfedema\/#primaryimage"},"image":{"@id":"https:\/\/anaserrano.essedi.es\/linfedema\/#primaryimage"},"thumbnailUrl":"https:\/\/anaserrano.essedi.es\/wp-content\/uploads\/2025\/03\/fases-1.jpg","datePublished":"2025-04-01T08:22:54+00:00","dateModified":"2025-04-03T06:25:40+00:00","breadcrumb":{"@id":"https:\/\/anaserrano.essedi.es\/linfedema\/#breadcrumb"},"inLanguage":"en-GB","potentialAction":[{"@type":"ReadAction","target":["https:\/\/anaserrano.essedi.es\/linfedema\/"]}]},{"@type":"ImageObject","inLanguage":"en-GB","@id":"https:\/\/anaserrano.essedi.es\/linfedema\/#primaryimage","url":"https:\/\/anaserrano.essedi.es\/wp-content\/uploads\/2025\/03\/fases-1.jpg","contentUrl":"https:\/\/anaserrano.essedi.es\/wp-content\/uploads\/2025\/03\/fases-1.jpg"},{"@type":"BreadcrumbList","@id":"https:\/\/anaserrano.essedi.es\/linfedema\/#breadcrumb","itemListElement":[{"@type":"ListItem","position":1,"name":"Portada","item":"https:\/\/anaserrano.essedi.es\/"},{"@type":"ListItem","position":2,"name":"Linfedema"}]},{"@type":"WebSite","@id":"https:\/\/anaserrano.essedi.es\/#website","url":"https:\/\/anaserrano.essedi.es\/","name":"Ana Serrano","description":"","potentialAction":[{"@type":"SearchAction","target":{"@type":"EntryPoint","urlTemplate":"https:\/\/anaserrano.essedi.es\/?s={search_term_string}"},"query-input":{"@type":"PropertyValueSpecification","valueRequired":true,"valueName":"search_term_string"}}],"inLanguage":"en-GB"}]}},"_links":{"self":[{"href":"https:\/\/anaserrano.essedi.es\/en\/wp-json\/wp\/v2\/pages\/24801","targetHints":{"allow":["GET"]}}],"collection":[{"href":"https:\/\/anaserrano.essedi.es\/en\/wp-json\/wp\/v2\/pages"}],"about":[{"href":"https:\/\/anaserrano.essedi.es\/en\/wp-json\/wp\/v2\/types\/page"}],"author":[{"embeddable":true,"href":"https:\/\/anaserrano.essedi.es\/en\/wp-json\/wp\/v2\/users\/1"}],"replies":[{"embeddable":true,"href":"https:\/\/anaserrano.essedi.es\/en\/wp-json\/wp\/v2\/comments?post=24801"}],"version-history":[{"count":37,"href":"https:\/\/anaserrano.essedi.es\/en\/wp-json\/wp\/v2\/pages\/24801\/revisions"}],"predecessor-version":[{"id":25091,"href":"https:\/\/anaserrano.essedi.es\/en\/wp-json\/wp\/v2\/pages\/24801\/revisions\/25091"}],"wp:attachment":[{"href":"https:\/\/anaserrano.essedi.es\/en\/wp-json\/wp\/v2\/media?parent=24801"}],"curies":[{"name":"wp","href":"https:\/\/api.w.org\/{rel}","templated":true}]}}