{"id":24793,"date":"2025-04-01T08:19:06","date_gmt":"2025-04-01T08:19:06","guid":{"rendered":"https:\/\/anaserrano.essedi.es\/?page_id=24793"},"modified":"2025-04-03T06:19:25","modified_gmt":"2025-04-03T06:19:25","slug":"fotobiomodulacion","status":"publish","type":"page","link":"https:\/\/anaserrano.essedi.es\/en\/fotobiomodulacion\/","title":{"rendered":"Fotobiomodulaci\u00f3n"},"content":{"rendered":"<div data-elementor-type=\"wp-page\" data-elementor-id=\"24793\" class=\"elementor elementor-24793\">\n\t\t\t\t\t\t<section class=\"elementor-section elementor-top-section elementor-element elementor-element-dcc6190 elementor-section-full_width elementor-section-height-min-height qodef-elementor-content-grid elementor-section-stretched elementor-section-height-default elementor-section-items-middle\" data-id=\"dcc6190\" data-element_type=\"section\" data-settings=\"{&quot;background_background&quot;:&quot;classic&quot;,&quot;stretch_section&quot;:&quot;section-stretched&quot;}\">\n\t\t\t\t\t\t<div class=\"elementor-container elementor-column-gap-default\">\n\t\t\t\t\t<div class=\"elementor-column elementor-col-100 elementor-top-column elementor-element elementor-element-cdfad96\" data-id=\"cdfad96\" data-element_type=\"column\">\n\t\t\t<div class=\"elementor-widget-wrap elementor-element-populated\">\n\t\t\t\t\t\t<div class=\"elementor-element elementor-element-e24951e elementor-widget__width-initial elementor-widget-tablet__width-initial elementor-widget elementor-widget-hibiscus_core_section_title\" data-id=\"e24951e\" data-element_type=\"widget\" data-widget_type=\"hibiscus_core_section_title.default\">\n\t\t\t\t<div class=\"elementor-widget-container\">\n\t\t\t\t\t<div class=\"qodef-shortcode qodef-m  qodef-section-title qodef-alignment--center qodef-responsive-center--under-680  qodef--has-appear\">\n\t<div class=\"qodef-e-sunrays\" style=\"color: #FFD52D\">\n\t\t<svg class=\"qodef-svg--sunrays\" xmlns=\"http:\/\/www.w3.org\/2000\/svg\" width=\"55\" height=\"30\" viewbox=\"0 0 55 30\"><g transform=\"translate(-1432 -588)\"><line x1=\"18\" transform=\"translate(1432 617.5)\" fill=\"none\" stroke=\"currentColor\" stroke-miterlimit=\"10\" stroke-width=\"1\"\/><line x1=\"16.628\" y1=\"6.889\" transform=\"translate(1433.458 607.414)\" fill=\"none\" stroke=\"currentColor\" stroke-miterlimit=\"10\" stroke-width=\"1\"\/><line x1=\"12.727\" y1=\"12.728\" transform=\"translate(1439.408 598.494)\" fill=\"none\" stroke=\"currentColor\" stroke-miterlimit=\"10\" stroke-width=\"1\"\/><line x1=\"6.888\" y1=\"16.629\" transform=\"translate(1448.056 591.685)\" fill=\"none\" stroke=\"currentColor\" stroke-miterlimit=\"10\" stroke-width=\"1\"\/><line y1=\"19\" transform=\"translate(1459.5 588)\" fill=\"none\" stroke=\"currentColor\" stroke-miterlimit=\"10\" stroke-width=\"1\"\/><line y1=\"16.631\" x2=\"6.888\" transform=\"translate(1464.056 591.685)\" fill=\"none\" stroke=\"currentColor\" stroke-miterlimit=\"10\" stroke-width=\"1\"\/><line x2=\"12.729\" y1=\"12.729\" y2=\"0\" transform=\"translate(1466.57 598.493)\" fill=\"none\" stroke=\"currentColor\" stroke-miterlimit=\"10\" stroke-width=\"1\"\/><line x2=\"16.631\" y1=\"6.889\" y2=\"0\" transform=\"translate(1468.619 607.414)\" fill=\"none\" stroke=\"currentColor\" stroke-miterlimit=\"10\" stroke-width=\"1\"\/><line x2=\"18\" transform=\"translate(1469 617.5)\" fill=\"none\" stroke=\"currentColor\" stroke-miterlimit=\"10\" stroke-width=\"1\"\/><\/g><\/svg>\t<\/div>\n\t\t<h3 class=\"qodef-m-title\" style=\"color: #FFFFFF\">\n\t\t\t\t\tFotobiomodulaci\u00f3n\t\t\t<\/h3>\n\t\t<\/div>\n\t\t\t\t<\/div>\n\t\t\t\t<\/div>\n\t\t\t\t\t<\/div>\n\t\t<\/div>\n\t\t\t\t\t<\/div>\n\t\t<\/section>\n\t\t\t\t<section class=\"elementor-section elementor-top-section elementor-element elementor-element-6afd124 elementor-section-full_width qodef-elementor-content-grid elementor-section-height-default elementor-section-height-default\" data-id=\"6afd124\" data-element_type=\"section\" data-settings=\"{&quot;background_background&quot;:&quot;classic&quot;}\">\n\t\t\t\t\t\t<div class=\"elementor-container elementor-column-gap-default\">\n\t\t\t\t\t<div class=\"elementor-column elementor-col-100 elementor-top-column elementor-element elementor-element-4981b1d\" data-id=\"4981b1d\" data-element_type=\"column\">\n\t\t\t<div class=\"elementor-widget-wrap elementor-element-populated\">\n\t\t\t\t\t\t<div class=\"elementor-element elementor-element-87cdb74 elementor-widget-tablet__width-initial elementor-widget__width-initial elementor-widget elementor-widget-hibiscus_core_info_section\" data-id=\"87cdb74\" data-element_type=\"widget\" data-widget_type=\"hibiscus_core_info_section.default\">\n\t\t\t\t<div class=\"elementor-widget-container\">\n\t\t\t\t\t<div class=\"qodef-shortcode qodef-m  qodef-info-section qodef-layout--background-text  qodef-background-text-pos--top-left\">\n\t<div class=\"qodef-m-background-text\">\n\t\t\t<\/div>\n\t<div class=\"qodef-m-info\">\n\t\t\t\t\t<div class=\"qodef-m-text\" style=\"line-height: 30px\">\n        <p>La fotobiomodulaci\u00f3n (FBM) es una terapia basada en la aplicaci\u00f3n de luz l\u00e1ser de baja intensidad o LED . Esta luz penetra en los tejidos y activa las mitocondrias, que son las encargadas de producir energ\u00eda en las c\u00e9lulas.<\/p>    <\/div>\n\t\t\t<\/div>\n<\/div>\n\t\t\t\t<\/div>\n\t\t\t\t<\/div>\n\t\t\t\t<div class=\"elementor-element elementor-element-6326bf5 elementor-widget-tablet__width-initial elementor-widget__width-initial elementor-widget elementor-widget-hibiscus_core_info_section\" data-id=\"6326bf5\" data-element_type=\"widget\" data-widget_type=\"hibiscus_core_info_section.default\">\n\t\t\t\t<div class=\"elementor-widget-container\">\n\t\t\t\t\t<div class=\"qodef-shortcode qodef-m  qodef-info-section qodef-layout--background-text  qodef-background-text-pos--top-left\">\n\t<div class=\"qodef-m-background-text\">\n\t\t\t<\/div>\n\t<div class=\"qodef-m-info\">\n\t\t\t<h6 class=\"qodef-m-title\" >\n\t\tBeneficios principales\t<\/h6>\n\t\t\t<div class=\"qodef-m-text\" style=\"line-height: 30px\">\n        <ul><li>Reduce la inflamaci\u00f3n y el dolor.<\/li><li>Favorece la cicatrizaci\u00f3n y regeneraci\u00f3n de los tejidos.<\/li><li>Mejora la calidad de vida del paciente<\/li><\/ul><p>Este proceso ayuda a que los tejidos da\u00f1ados por la radioterapia, la quimioterapia o la cirug\u00eda se reparen m\u00e1s r\u00e1pido y con menos complicaciones.<\/p>    <\/div>\n\t\t\t<\/div>\n<\/div>\n\t\t\t\t<\/div>\n\t\t\t\t<\/div>\n\t\t\t\t\t<\/div>\n\t\t<\/div>\n\t\t\t\t\t<\/div>\n\t\t<\/section>\n\t\t\t\t<section class=\"elementor-section elementor-top-section elementor-element elementor-element-c68f631 elementor-section-full_width qodef-elementor-content-grid elementor-section-height-default elementor-section-height-default\" data-id=\"c68f631\" data-element_type=\"section\" data-settings=\"{&quot;background_background&quot;:&quot;classic&quot;}\">\n\t\t\t\t\t\t<div class=\"elementor-container elementor-column-gap-default\">\n\t\t\t\t\t<div class=\"elementor-column elementor-col-100 elementor-top-column elementor-element elementor-element-e65dea1\" data-id=\"e65dea1\" data-element_type=\"column\">\n\t\t\t<div class=\"elementor-widget-wrap elementor-element-populated\">\n\t\t\t\t\t\t<div class=\"elementor-element elementor-element-4b3348b elementor-widget-tablet__width-initial elementor-widget__width-initial elementor-widget elementor-widget-hibiscus_core_info_section\" data-id=\"4b3348b\" data-element_type=\"widget\" data-widget_type=\"hibiscus_core_info_section.default\">\n\t\t\t\t<div class=\"elementor-widget-container\">\n\t\t\t\t\t<div class=\"qodef-shortcode qodef-m  qodef-info-section qodef-layout--background-text  qodef-background-text-pos--top-left\">\n\t<div class=\"qodef-m-background-text\">\n\t\t\t<\/div>\n\t<div class=\"qodef-m-info\">\n\t\t\t<h6 class=\"qodef-m-title\" >\n\t\tBeneficios de la Fotobiomodulaci\u00f3n en Pacientes Oncol\u00f3gicos\t<\/h6>\n\t\t\t<div class=\"qodef-m-text\" style=\"line-height: 30px\">\n        <ul><li>Mucositis oral: Disminuye la inflamaci\u00f3n y acelera la cicatrizaci\u00f3n, reduciendo la severidad y duraci\u00f3n de la mucositis.<\/li><li>Radiodermitis: Favorece la regeneraci\u00f3n de la piel y alivia el dolor y la inflamaci\u00f3n en zonas irradiadas.<\/li><li>Fibrosis postradioterapia: Mejora la elasticidad de los tejidos y ayuda a prevenir restricciones de movimiento.<\/li><li>Linfedema: Asociado con el abordaje fisioter\u00e1pico del linfedema con Terapia Descongestiva Compleja, puede mejorar la circulaci\u00f3n linf\u00e1tica, ayudando a reducir la inflamaci\u00f3n y la sensaci\u00f3n de pesadez.<\/li><li>Cicatrizaci\u00f3n de heridas y \u00falceras: Favorece la reparaci\u00f3n de tejidos tras cirug\u00edas oncol\u00f3gicas o lesiones por tratamientos.<\/li><li>Fatiga oncol\u00f3gica: Mejora la funci\u00f3n mitocondrial y favorece la recuperaci\u00f3n de energ\u00eda.<\/li><\/ul>    <\/div>\n\t\t\t<\/div>\n<\/div>\n\t\t\t\t<\/div>\n\t\t\t\t<\/div>\n\t\t\t\t\t<\/div>\n\t\t<\/div>\n\t\t\t\t\t<\/div>\n\t\t<\/section>\n\t\t\t\t<section class=\"elementor-section elementor-top-section elementor-element elementor-element-09184c4 elementor-section-full_width qodef-elementor-content-grid elementor-section-height-default elementor-section-height-default\" data-id=\"09184c4\" data-element_type=\"section\" data-settings=\"{&quot;background_background&quot;:&quot;classic&quot;}\">\n\t\t\t\t\t\t<div class=\"elementor-container elementor-column-gap-default\">\n\t\t\t\t\t<div class=\"elementor-column elementor-col-100 elementor-top-column elementor-element elementor-element-5109787\" data-id=\"5109787\" data-element_type=\"column\">\n\t\t\t<div class=\"elementor-widget-wrap elementor-element-populated\">\n\t\t\t\t\t\t<div class=\"elementor-element elementor-element-3e12ecc elementor-widget-tablet__width-initial elementor-widget__width-initial elementor-widget elementor-widget-hibiscus_core_info_section\" data-id=\"3e12ecc\" data-element_type=\"widget\" data-widget_type=\"hibiscus_core_info_section.default\">\n\t\t\t\t<div class=\"elementor-widget-container\">\n\t\t\t\t\t<div class=\"qodef-shortcode qodef-m  qodef-info-section qodef-layout--background-text  qodef-background-text-pos--top-left\">\n\t<div class=\"qodef-m-background-text\">\n\t\t\t<\/div>\n\t<div class=\"qodef-m-info\">\n\t\t\t<h6 class=\"qodef-m-title\" >\n\t\tDolor y  fotobiomodulaci\u00f3n \t<\/h6>\n\t\t\t<div class=\"qodef-m-text\" style=\"line-height: 30px\">\n        <p>La (FBM) act\u00faa sobre el dolor de diferentes formas, dependiendo de su origen. Su efecto analg\u00e9sico se debe a varios mecanismos biol\u00f3gicos que ayudan a reducir la percepci\u00f3n del dolor y mejorar la funci\u00f3n de los tejidos afectados.<\/p>    <\/div>\n\t\t\t<\/div>\n<\/div>\n\t\t\t\t<\/div>\n\t\t\t\t<\/div>\n\t\t\t\t\t<\/div>\n\t\t<\/div>\n\t\t\t\t\t<\/div>\n\t\t<\/section>\n\t\t\t\t<section class=\"elementor-section elementor-top-section elementor-element elementor-element-fad745a elementor-section-full_width qodef-elementor-content-grid elementor-section-height-default elementor-section-height-default\" data-id=\"fad745a\" data-element_type=\"section\" data-settings=\"{&quot;background_background&quot;:&quot;classic&quot;}\">\n\t\t\t\t\t\t<div class=\"elementor-container elementor-column-gap-default\">\n\t\t\t\t\t<div class=\"elementor-column elementor-col-50 elementor-top-column elementor-element elementor-element-9183a2f\" data-id=\"9183a2f\" data-element_type=\"column\">\n\t\t\t<div class=\"elementor-widget-wrap elementor-element-populated\">\n\t\t\t\t\t\t<div class=\"elementor-element elementor-element-38623ea elementor-widget-tablet__width-initial elementor-widget__width-initial elementor-widget elementor-widget-hibiscus_core_info_section\" data-id=\"38623ea\" data-element_type=\"widget\" data-widget_type=\"hibiscus_core_info_section.default\">\n\t\t\t\t<div class=\"elementor-widget-container\">\n\t\t\t\t\t<div class=\"qodef-shortcode qodef-m  qodef-info-section qodef-layout--background-text  qodef-background-text-pos--top-left\">\n\t<div class=\"qodef-m-background-text\">\n\t\t\t<\/div>\n\t<div class=\"qodef-m-info\">\n\t\t\t<h6 class=\"qodef-m-title\" >\n\t\tMecanismos de acci\u00f3n en el dolor:\t<\/h6>\n\t\t\t<div class=\"qodef-m-text\" style=\"line-height: 30px\">\n        <ul><li>Disminuci\u00f3n de la inflamaci\u00f3n<\/li><li>Mejor oxigenaci\u00f3n y reparaci\u00f3n celular.<\/li><li>Modulaci\u00f3n de la actividad nerviosa<\/li><li>Liberaci\u00f3n de endorfinas<\/li><li>Relajaci\u00f3n muscular<\/li><\/ul>    <\/div>\n\t\t\t<\/div>\n<\/div>\n\t\t\t\t<\/div>\n\t\t\t\t<\/div>\n\t\t\t\t\t<\/div>\n\t\t<\/div>\n\t\t\t\t<div class=\"elementor-column elementor-col-50 elementor-top-column elementor-element elementor-element-9220e47\" data-id=\"9220e47\" data-element_type=\"column\">\n\t\t\t<div class=\"elementor-widget-wrap elementor-element-populated\">\n\t\t\t\t\t\t<div class=\"elementor-element elementor-element-d49326f elementor-widget-tablet__width-initial elementor-widget__width-initial elementor-widget elementor-widget-hibiscus_core_info_section\" data-id=\"d49326f\" data-element_type=\"widget\" data-widget_type=\"hibiscus_core_info_section.default\">\n\t\t\t\t<div class=\"elementor-widget-container\">\n\t\t\t\t\t<div class=\"qodef-shortcode qodef-m  qodef-info-section qodef-layout--background-text  qodef-background-text-pos--top-left\">\n\t<div class=\"qodef-m-background-text\">\n\t\t\t<\/div>\n\t<div class=\"qodef-m-info\">\n\t\t\t<h6 class=\"qodef-m-title\" >\n\t\tTipos de dolor donde la FBM es efectiva\t<\/h6>\n\t\t\t<div class=\"qodef-m-text\" style=\"line-height: 30px\">\n        <ul><li>Dolor inflamatorio: Postcirug\u00eda, fibrosis postradioterapia, linfedema.<\/li><li>Dolor neurop\u00e1tico: Neuropat\u00eda por quimioterapia, atrapamientos nerviosos.<\/li><li>Dolor musculoesquel\u00e9tico: Trismus en c\u00e1ncer de cabeza y cuello, contracturas por fibrosis.<\/li><li>Dolor por da\u00f1o tisular: \u00dalceras por radiodermitis, mucositis severa.<\/li><\/ul>    <\/div>\n\t\t\t<\/div>\n<\/div>\n\t\t\t\t<\/div>\n\t\t\t\t<\/div>\n\t\t\t\t\t<\/div>\n\t\t<\/div>\n\t\t\t\t\t<\/div>\n\t\t<\/section>\n\t\t\t\t<\/div>","protected":false},"excerpt":{"rendered":"<p>Fotobiomodulaci\u00f3n La fotobiomodulaci\u00f3n (FBM) es una terapia basada en la aplicaci\u00f3n de luz l\u00e1ser de baja intensidad o LED . Esta luz penetra en los tejidos y activa las mitocondrias, que son las encargadas de producir energ\u00eda en las c\u00e9lulas. Beneficios principales Reduce la inflamaci\u00f3n y el dolor. Favorece la cicatrizaci\u00f3n y regeneraci\u00f3n de los [&hellip;]<\/p>","protected":false},"author":1,"featured_media":0,"parent":0,"menu_order":0,"comment_status":"closed","ping_status":"closed","template":"page-full-width.php","meta":{"footnotes":""},"class_list":["post-24793","page","type-page","status-publish","hentry"],"yoast_head":"<!-- This site is optimized with the Yoast SEO plugin v24.6 - https:\/\/yoast.com\/wordpress\/plugins\/seo\/ -->\n<title>Fotobiomodulaci\u00f3n - Ana Serrano<\/title>\n<meta name=\"robots\" content=\"index, follow, max-snippet:-1, max-image-preview:large, max-video-preview:-1\" \/>\n<link rel=\"canonical\" href=\"https:\/\/anaserrano.essedi.es\/en\/fotobiomodulacion\/\" \/>\n<meta property=\"og:locale\" content=\"en_GB\" \/>\n<meta property=\"og:type\" content=\"article\" \/>\n<meta property=\"og:title\" content=\"Fotobiomodulaci\u00f3n - Ana Serrano\" \/>\n<meta property=\"og:description\" content=\"Fotobiomodulaci\u00f3n La fotobiomodulaci\u00f3n (FBM) es una terapia basada en la aplicaci\u00f3n de luz l\u00e1ser de baja intensidad o LED . Esta luz penetra en los tejidos y activa las mitocondrias, que son las encargadas de producir energ\u00eda en las c\u00e9lulas. Beneficios principales Reduce la inflamaci\u00f3n y el dolor. Favorece la cicatrizaci\u00f3n y regeneraci\u00f3n de los [&hellip;]\" \/>\n<meta property=\"og:url\" content=\"https:\/\/anaserrano.essedi.es\/en\/fotobiomodulacion\/\" \/>\n<meta property=\"og:site_name\" content=\"Ana Serrano\" \/>\n<meta property=\"article:modified_time\" content=\"2025-04-03T06:19:25+00:00\" \/>\n<meta name=\"twitter:card\" content=\"summary_large_image\" \/>\n<meta name=\"twitter:label1\" content=\"Estimated reading time\" \/>\n\t<meta name=\"twitter:data1\" content=\"2 minutes\" \/>\n<script type=\"application\/ld+json\" class=\"yoast-schema-graph\">{\"@context\":\"https:\/\/schema.org\",\"@graph\":[{\"@type\":\"WebPage\",\"@id\":\"https:\/\/anaserrano.essedi.es\/fotobiomodulacion\/\",\"url\":\"https:\/\/anaserrano.essedi.es\/fotobiomodulacion\/\",\"name\":\"Fotobiomodulaci\u00f3n - Ana Serrano\",\"isPartOf\":{\"@id\":\"https:\/\/anaserrano.essedi.es\/#website\"},\"datePublished\":\"2025-04-01T08:19:06+00:00\",\"dateModified\":\"2025-04-03T06:19:25+00:00\",\"breadcrumb\":{\"@id\":\"https:\/\/anaserrano.essedi.es\/fotobiomodulacion\/#breadcrumb\"},\"inLanguage\":\"en-GB\",\"potentialAction\":[{\"@type\":\"ReadAction\",\"target\":[\"https:\/\/anaserrano.essedi.es\/fotobiomodulacion\/\"]}]},{\"@type\":\"BreadcrumbList\",\"@id\":\"https:\/\/anaserrano.essedi.es\/fotobiomodulacion\/#breadcrumb\",\"itemListElement\":[{\"@type\":\"ListItem\",\"position\":1,\"name\":\"Portada\",\"item\":\"https:\/\/anaserrano.essedi.es\/\"},{\"@type\":\"ListItem\",\"position\":2,\"name\":\"Fotobiomodulaci\u00f3n\"}]},{\"@type\":\"WebSite\",\"@id\":\"https:\/\/anaserrano.essedi.es\/#website\",\"url\":\"https:\/\/anaserrano.essedi.es\/\",\"name\":\"Ana Serrano\",\"description\":\"\",\"potentialAction\":[{\"@type\":\"SearchAction\",\"target\":{\"@type\":\"EntryPoint\",\"urlTemplate\":\"https:\/\/anaserrano.essedi.es\/?s={search_term_string}\"},\"query-input\":{\"@type\":\"PropertyValueSpecification\",\"valueRequired\":true,\"valueName\":\"search_term_string\"}}],\"inLanguage\":\"en-GB\"}]}<\/script>\n<!-- \/ Yoast SEO plugin. -->","yoast_head_json":{"title":"Fotobiomodulaci\u00f3n - Ana Serrano","robots":{"index":"index","follow":"follow","max-snippet":"max-snippet:-1","max-image-preview":"max-image-preview:large","max-video-preview":"max-video-preview:-1"},"canonical":"https:\/\/anaserrano.essedi.es\/en\/fotobiomodulacion\/","og_locale":"en_GB","og_type":"article","og_title":"Fotobiomodulaci\u00f3n - Ana Serrano","og_description":"Fotobiomodulaci\u00f3n La fotobiomodulaci\u00f3n (FBM) es una terapia basada en la aplicaci\u00f3n de luz l\u00e1ser de baja intensidad o LED . Esta luz penetra en los tejidos y activa las mitocondrias, que son las encargadas de producir energ\u00eda en las c\u00e9lulas. Beneficios principales Reduce la inflamaci\u00f3n y el dolor. Favorece la cicatrizaci\u00f3n y regeneraci\u00f3n de los [&hellip;]","og_url":"https:\/\/anaserrano.essedi.es\/en\/fotobiomodulacion\/","og_site_name":"Ana Serrano","article_modified_time":"2025-04-03T06:19:25+00:00","twitter_card":"summary_large_image","twitter_misc":{"Estimated reading time":"2 minutes"},"schema":{"@context":"https:\/\/schema.org","@graph":[{"@type":"WebPage","@id":"https:\/\/anaserrano.essedi.es\/fotobiomodulacion\/","url":"https:\/\/anaserrano.essedi.es\/fotobiomodulacion\/","name":"Fotobiomodulaci\u00f3n - Ana Serrano","isPartOf":{"@id":"https:\/\/anaserrano.essedi.es\/#website"},"datePublished":"2025-04-01T08:19:06+00:00","dateModified":"2025-04-03T06:19:25+00:00","breadcrumb":{"@id":"https:\/\/anaserrano.essedi.es\/fotobiomodulacion\/#breadcrumb"},"inLanguage":"en-GB","potentialAction":[{"@type":"ReadAction","target":["https:\/\/anaserrano.essedi.es\/fotobiomodulacion\/"]}]},{"@type":"BreadcrumbList","@id":"https:\/\/anaserrano.essedi.es\/fotobiomodulacion\/#breadcrumb","itemListElement":[{"@type":"ListItem","position":1,"name":"Portada","item":"https:\/\/anaserrano.essedi.es\/"},{"@type":"ListItem","position":2,"name":"Fotobiomodulaci\u00f3n"}]},{"@type":"WebSite","@id":"https:\/\/anaserrano.essedi.es\/#website","url":"https:\/\/anaserrano.essedi.es\/","name":"Ana Serrano","description":"","potentialAction":[{"@type":"SearchAction","target":{"@type":"EntryPoint","urlTemplate":"https:\/\/anaserrano.essedi.es\/?s={search_term_string}"},"query-input":{"@type":"PropertyValueSpecification","valueRequired":true,"valueName":"search_term_string"}}],"inLanguage":"en-GB"}]}},"_links":{"self":[{"href":"https:\/\/anaserrano.essedi.es\/en\/wp-json\/wp\/v2\/pages\/24793","targetHints":{"allow":["GET"]}}],"collection":[{"href":"https:\/\/anaserrano.essedi.es\/en\/wp-json\/wp\/v2\/pages"}],"about":[{"href":"https:\/\/anaserrano.essedi.es\/en\/wp-json\/wp\/v2\/types\/page"}],"author":[{"embeddable":true,"href":"https:\/\/anaserrano.essedi.es\/en\/wp-json\/wp\/v2\/users\/1"}],"replies":[{"embeddable":true,"href":"https:\/\/anaserrano.essedi.es\/en\/wp-json\/wp\/v2\/comments?post=24793"}],"version-history":[{"count":28,"href":"https:\/\/anaserrano.essedi.es\/en\/wp-json\/wp\/v2\/pages\/24793\/revisions"}],"predecessor-version":[{"id":25072,"href":"https:\/\/anaserrano.essedi.es\/en\/wp-json\/wp\/v2\/pages\/24793\/revisions\/25072"}],"wp:attachment":[{"href":"https:\/\/anaserrano.essedi.es\/en\/wp-json\/wp\/v2\/media?parent=24793"}],"curies":[{"name":"wp","href":"https:\/\/api.w.org\/{rel}","templated":true}]}}