{"id":24780,"date":"2025-04-01T08:03:35","date_gmt":"2025-04-01T08:03:35","guid":{"rendered":"https:\/\/anaserrano.essedi.es\/?page_id=24780"},"modified":"2025-04-04T06:56:17","modified_gmt":"2025-04-04T06:56:17","slug":"cancer-de-cabeza-y-cuello","status":"publish","type":"page","link":"https:\/\/anaserrano.essedi.es\/en\/cancer-de-cabeza-y-cuello\/","title":{"rendered":"C\u00e1ncer de Cabeza y Cuello"},"content":{"rendered":"<div data-elementor-type=\"wp-page\" data-elementor-id=\"24780\" class=\"elementor elementor-24780\">\n\t\t\t\t\t\t<section class=\"elementor-section elementor-top-section elementor-element elementor-element-dcc6190 elementor-section-full_width elementor-section-height-min-height qodef-elementor-content-grid elementor-section-stretched elementor-section-height-default elementor-section-items-middle\" data-id=\"dcc6190\" data-element_type=\"section\" data-settings=\"{&quot;background_background&quot;:&quot;classic&quot;,&quot;stretch_section&quot;:&quot;section-stretched&quot;}\">\n\t\t\t\t\t\t<div class=\"elementor-container elementor-column-gap-default\">\n\t\t\t\t\t<div class=\"elementor-column elementor-col-100 elementor-top-column elementor-element elementor-element-cdfad96\" data-id=\"cdfad96\" data-element_type=\"column\">\n\t\t\t<div class=\"elementor-widget-wrap elementor-element-populated\">\n\t\t\t\t\t\t<div class=\"elementor-element elementor-element-e24951e elementor-widget__width-initial elementor-widget-tablet__width-initial elementor-widget elementor-widget-hibiscus_core_section_title\" data-id=\"e24951e\" data-element_type=\"widget\" data-widget_type=\"hibiscus_core_section_title.default\">\n\t\t\t\t<div class=\"elementor-widget-container\">\n\t\t\t\t\t<div class=\"qodef-shortcode qodef-m  qodef-section-title qodef-alignment--center qodef-responsive-center--under-680  qodef--has-appear\">\n\t<div class=\"qodef-e-sunrays\" style=\"color: #FFD52D\">\n\t\t<svg class=\"qodef-svg--sunrays\" xmlns=\"http:\/\/www.w3.org\/2000\/svg\" width=\"55\" height=\"30\" viewbox=\"0 0 55 30\"><g transform=\"translate(-1432 -588)\"><line x1=\"18\" transform=\"translate(1432 617.5)\" fill=\"none\" stroke=\"currentColor\" stroke-miterlimit=\"10\" stroke-width=\"1\"\/><line x1=\"16.628\" y1=\"6.889\" transform=\"translate(1433.458 607.414)\" fill=\"none\" stroke=\"currentColor\" stroke-miterlimit=\"10\" stroke-width=\"1\"\/><line x1=\"12.727\" y1=\"12.728\" transform=\"translate(1439.408 598.494)\" fill=\"none\" stroke=\"currentColor\" stroke-miterlimit=\"10\" stroke-width=\"1\"\/><line x1=\"6.888\" y1=\"16.629\" transform=\"translate(1448.056 591.685)\" fill=\"none\" stroke=\"currentColor\" stroke-miterlimit=\"10\" stroke-width=\"1\"\/><line y1=\"19\" transform=\"translate(1459.5 588)\" fill=\"none\" stroke=\"currentColor\" stroke-miterlimit=\"10\" stroke-width=\"1\"\/><line y1=\"16.631\" x2=\"6.888\" transform=\"translate(1464.056 591.685)\" fill=\"none\" stroke=\"currentColor\" stroke-miterlimit=\"10\" stroke-width=\"1\"\/><line x2=\"12.729\" y1=\"12.729\" y2=\"0\" transform=\"translate(1466.57 598.493)\" fill=\"none\" stroke=\"currentColor\" stroke-miterlimit=\"10\" stroke-width=\"1\"\/><line x2=\"16.631\" y1=\"6.889\" y2=\"0\" transform=\"translate(1468.619 607.414)\" fill=\"none\" stroke=\"currentColor\" stroke-miterlimit=\"10\" stroke-width=\"1\"\/><line x2=\"18\" transform=\"translate(1469 617.5)\" fill=\"none\" stroke=\"currentColor\" stroke-miterlimit=\"10\" stroke-width=\"1\"\/><\/g><\/svg>\t<\/div>\n\t\t<h3 class=\"qodef-m-title\" style=\"color: #FFFFFF\">\n\t\t\t\t\tC\u00e1ncer de Cabeza y Cuello\t\t\t<\/h3>\n\t\t<\/div>\n\t\t\t\t<\/div>\n\t\t\t\t<\/div>\n\t\t\t\t\t<\/div>\n\t\t<\/div>\n\t\t\t\t\t<\/div>\n\t\t<\/section>\n\t\t\t\t<section class=\"elementor-section elementor-top-section elementor-element elementor-element-fc97af7 elementor-section-full_width qodef-elementor-content-grid elementor-section-height-default elementor-section-height-default\" data-id=\"fc97af7\" data-element_type=\"section\" id=\"cabeza-cuello\" data-settings=\"{&quot;background_background&quot;:&quot;classic&quot;}\">\n\t\t\t\t\t\t<div class=\"elementor-container elementor-column-gap-default\">\n\t\t\t\t\t<div class=\"elementor-column elementor-col-100 elementor-top-column elementor-element elementor-element-4c6f2ed\" data-id=\"4c6f2ed\" data-element_type=\"column\">\n\t\t\t<div class=\"elementor-widget-wrap elementor-element-populated\">\n\t\t\t\t\t\t<div class=\"elementor-element elementor-element-61fcd2e elementor-widget__width-initial elementor-widget elementor-widget-hibiscus_core_section_title\" data-id=\"61fcd2e\" data-element_type=\"widget\" data-widget_type=\"hibiscus_core_section_title.default\">\n\t\t\t\t<div class=\"elementor-widget-container\">\n\t\t\t\t\t<div class=\"qodef-shortcode qodef-m  qodef-section-title qodef-alignment--center   qodef--has-appear\">\n\t<div class=\"qodef-e-sunrays\" style=\"color: #FFD52D\">\n\t\t<svg class=\"qodef-svg--sunrays\" xmlns=\"http:\/\/www.w3.org\/2000\/svg\" width=\"55\" height=\"30\" viewbox=\"0 0 55 30\"><g transform=\"translate(-1432 -588)\"><line x1=\"18\" transform=\"translate(1432 617.5)\" fill=\"none\" stroke=\"currentColor\" stroke-miterlimit=\"10\" stroke-width=\"1\"\/><line x1=\"16.628\" y1=\"6.889\" transform=\"translate(1433.458 607.414)\" fill=\"none\" stroke=\"currentColor\" stroke-miterlimit=\"10\" stroke-width=\"1\"\/><line x1=\"12.727\" y1=\"12.728\" transform=\"translate(1439.408 598.494)\" fill=\"none\" stroke=\"currentColor\" stroke-miterlimit=\"10\" stroke-width=\"1\"\/><line x1=\"6.888\" y1=\"16.629\" transform=\"translate(1448.056 591.685)\" fill=\"none\" stroke=\"currentColor\" stroke-miterlimit=\"10\" stroke-width=\"1\"\/><line y1=\"19\" transform=\"translate(1459.5 588)\" fill=\"none\" stroke=\"currentColor\" stroke-miterlimit=\"10\" stroke-width=\"1\"\/><line y1=\"16.631\" x2=\"6.888\" transform=\"translate(1464.056 591.685)\" fill=\"none\" stroke=\"currentColor\" stroke-miterlimit=\"10\" stroke-width=\"1\"\/><line x2=\"12.729\" y1=\"12.729\" y2=\"0\" transform=\"translate(1466.57 598.493)\" fill=\"none\" stroke=\"currentColor\" stroke-miterlimit=\"10\" stroke-width=\"1\"\/><line x2=\"16.631\" y1=\"6.889\" y2=\"0\" transform=\"translate(1468.619 607.414)\" fill=\"none\" stroke=\"currentColor\" stroke-miterlimit=\"10\" stroke-width=\"1\"\/><line x2=\"18\" transform=\"translate(1469 617.5)\" fill=\"none\" stroke=\"currentColor\" stroke-miterlimit=\"10\" stroke-width=\"1\"\/><\/g><\/svg>\t<\/div>\n\t\t<h4 class=\"qodef-m-title\" >\n\t\t\t\t\tProgramas de Tratamiento Fisioterap\u00e9utico\t\t\t<\/h4>\n\t\t<\/div>\n\t\t\t\t<\/div>\n\t\t\t\t<\/div>\n\t\t\t\t\t<\/div>\n\t\t<\/div>\n\t\t\t\t\t<\/div>\n\t\t<\/section>\n\t\t\t\t<section class=\"elementor-section elementor-top-section elementor-element elementor-element-245ed47 elementor-section-full_width qodef-elementor-content-grid elementor-section-height-default elementor-section-height-default\" data-id=\"245ed47\" data-element_type=\"section\" data-settings=\"{&quot;background_background&quot;:&quot;classic&quot;}\">\n\t\t\t\t\t\t<div class=\"elementor-container elementor-column-gap-default\">\n\t\t\t\t\t<div class=\"elementor-column elementor-col-100 elementor-top-column elementor-element elementor-element-4cb37dc\" data-id=\"4cb37dc\" data-element_type=\"column\">\n\t\t\t<div class=\"elementor-widget-wrap elementor-element-populated\">\n\t\t\t\t\t\t<div class=\"elementor-element elementor-element-f487e91 elementor-widget__width-initial elementor-widget elementor-widget-text-editor\" data-id=\"f487e91\" data-element_type=\"widget\" data-widget_type=\"text-editor.default\">\n\t\t\t\t<div class=\"elementor-widget-container\">\n\t\t\t\t\t\t\t\t\t<p>El c\u00e1ncer de cabeza y cuello, que incluye tumores en la laringe, lengua, entre otros, suele requerir cirug\u00edas reconstructivas y tratamientos complementarios como quimioterapia y radioterapia.<\/p><p>Estos procedimientos pueden generar diversas secuelas que afectan la movilidad y la calidad de vida del paciente.<\/p>\t\t\t\t\t\t\t\t<\/div>\n\t\t\t\t<\/div>\n\t\t\t\t<div class=\"elementor-element elementor-element-e71550b elementor-widget-tablet__width-initial elementor-widget__width-initial elementor-widget elementor-widget-hibiscus_core_info_section\" data-id=\"e71550b\" data-element_type=\"widget\" data-widget_type=\"hibiscus_core_info_section.default\">\n\t\t\t\t<div class=\"elementor-widget-container\">\n\t\t\t\t\t<div class=\"qodef-shortcode qodef-m  qodef-info-section qodef-layout--background-text  qodef-background-text-pos--top-left\">\n\t<div class=\"qodef-m-background-text\">\n\t\t\t<\/div>\n\t<div class=\"qodef-m-info\">\n\t\t\t<h6 class=\"qodef-m-title\" >\n\t\tPrincipales Disfunciones\t<\/h6>\n\t\t\t<div class=\"qodef-m-text\" style=\"line-height: 30px\">\n        <ul><li>Trismus: reducci\u00f3n de la apertura bucal: dificultad para la alimentaci\u00f3n y el habla.<\/li><li>Fibrosis postradioterapia<span style=\"font-size: medium\">: rigidez y endurecimiento de los tejidos debido a la radioterapia.<\/span><\/li><li>Mucositis: Inflamaci\u00f3n y ulceraci\u00f3n de la mucosa oral, causando dolor e incomodidad al comer y hablar.<\/li><li>Xerostom\u00eda (sequedad bucal)<span style=\"font-size: medium\">: disminuci\u00f3n de la producci\u00f3n de saliva, que afecta la degluci\u00f3n y aumenta el riesgo de infecciones.<\/span><\/li><li>Linfedema cervicofacial<span style=\"font-size: medium\">: Acumulaci\u00f3n de l\u00edquido en la cara y el cuello, generando hinchaz\u00f3n y molestias.<\/span><\/li><\/ul>    <\/div>\n\t\t\t<\/div>\n<\/div>\n\t\t\t\t<\/div>\n\t\t\t\t<\/div>\n\t\t\t\t\t<\/div>\n\t\t<\/div>\n\t\t\t\t\t<\/div>\n\t\t<\/section>\n\t\t\t\t<section class=\"elementor-section elementor-top-section elementor-element elementor-element-ca9e634 elementor-section-full_width qodef-elementor-content-grid elementor-section-height-default elementor-section-height-default\" data-id=\"ca9e634\" data-element_type=\"section\" data-settings=\"{&quot;background_background&quot;:&quot;classic&quot;}\">\n\t\t\t\t\t\t<div class=\"elementor-container elementor-column-gap-default\">\n\t\t\t\t\t<div class=\"elementor-column elementor-col-100 elementor-top-column elementor-element elementor-element-7030511\" data-id=\"7030511\" data-element_type=\"column\">\n\t\t\t<div class=\"elementor-widget-wrap elementor-element-populated\">\n\t\t\t\t\t\t<div class=\"elementor-element elementor-element-1167e55 elementor-widget-tablet__width-initial elementor-widget__width-initial elementor-widget elementor-widget-hibiscus_core_info_section\" data-id=\"1167e55\" data-element_type=\"widget\" data-widget_type=\"hibiscus_core_info_section.default\">\n\t\t\t\t<div class=\"elementor-widget-container\">\n\t\t\t\t\t<div class=\"qodef-shortcode qodef-m  qodef-info-section qodef-layout--background-text  qodef-background-text-pos--top-left\">\n\t<div class=\"qodef-m-background-text\">\n\t\t\t<\/div>\n\t<div class=\"qodef-m-info\">\n\t\t\t<h6 class=\"qodef-m-title\" >\n\t\tTrismus y Fibrosis Postradioterapia\t<\/h6>\n\t\t\t<div class=\"qodef-m-text\" style=\"line-height: 30px\">\n        <ul><li>T\u00e9cnicas de terapia manual para mejorar la movilidad de la mand\u00edbula y el cuello.<\/li><li>Ejercicios de estiramiento progresivo de los m\u00fasculos masticatorios.<\/li><li>Uso de dispositivos y manejo para aumentar la apertura oral.<\/li><\/ul>    <\/div>\n\t\t\t<\/div>\n<\/div>\n\t\t\t\t<\/div>\n\t\t\t\t<\/div>\n\t\t\t\t<div class=\"elementor-element elementor-element-3cba74b elementor-widget-tablet__width-initial elementor-widget__width-initial elementor-widget elementor-widget-hibiscus_core_info_section\" data-id=\"3cba74b\" data-element_type=\"widget\" data-widget_type=\"hibiscus_core_info_section.default\">\n\t\t\t\t<div class=\"elementor-widget-container\">\n\t\t\t\t\t<div class=\"qodef-shortcode qodef-m  qodef-info-section qodef-layout--background-text  qodef-background-text-pos--top-left\">\n\t<div class=\"qodef-m-background-text\">\n\t\t\t<\/div>\n\t<div class=\"qodef-m-info\">\n\t\t\t<h6 class=\"qodef-m-title\" >\n\t\tXerostom\u00eda\t<\/h6>\n\t\t\t<div class=\"qodef-m-text\" style=\"line-height: 30px\">\n        <ul><li>Ejercicios de movilidad lingual y masajes intraorales para mejorar la lubricaci\u00f3n.<\/li><li>Educaci\u00f3n en higiene oral y estrategias para la estimulaci\u00f3n de la saliva.<\/li><li>Terapias complementarias como la <span style=\"font-size: medium\">fotobiomodulaci\u00f3n<\/span><span style=\"font-size: medium\">, que ayuda a reducir la inflamaci\u00f3n y el dolor en la mucosa oral.<\/span><\/li><\/ul>    <\/div>\n\t\t\t<\/div>\n<\/div>\n\t\t\t\t<\/div>\n\t\t\t\t<\/div>\n\t\t\t\t<div class=\"elementor-element elementor-element-58dd70e elementor-widget-tablet__width-initial elementor-widget__width-initial elementor-widget elementor-widget-hibiscus_core_info_section\" data-id=\"58dd70e\" data-element_type=\"widget\" data-widget_type=\"hibiscus_core_info_section.default\">\n\t\t\t\t<div class=\"elementor-widget-container\">\n\t\t\t\t\t<div class=\"qodef-shortcode qodef-m  qodef-info-section qodef-layout--background-text  qodef-background-text-pos--top-left\">\n\t<div class=\"qodef-m-background-text\">\n\t\t\t<\/div>\n\t<div class=\"qodef-m-info\">\n\t\t\t<h6 class=\"qodef-m-title\" >\n\t\tMucositis y radiodermitis\t<\/h6>\n\t\t\t<div class=\"qodef-m-text\" style=\"line-height: 30px\">\n        <ul><li>La\u00a0<span style=\"font-size: medium\">fotobiomodulaci\u00f3n (FBM) se aplica sobre la zona afectada para modular la inflamaci\u00f3n, reducir el dolor y favorecer la regeneraci\u00f3n celular<\/span><span style=\"font-size: medium\">.<\/span><\/li><\/ul>    <\/div>\n\t\t\t<\/div>\n<\/div>\n\t\t\t\t<\/div>\n\t\t\t\t<\/div>\n\t\t\t\t<div class=\"elementor-element elementor-element-055982c elementor-widget-tablet__width-initial elementor-widget__width-initial elementor-widget elementor-widget-hibiscus_core_info_section\" data-id=\"055982c\" data-element_type=\"widget\" data-widget_type=\"hibiscus_core_info_section.default\">\n\t\t\t\t<div class=\"elementor-widget-container\">\n\t\t\t\t\t<div class=\"qodef-shortcode qodef-m  qodef-info-section qodef-layout--background-text  qodef-background-text-pos--top-left\">\n\t<div class=\"qodef-m-background-text\">\n\t\t\t<\/div>\n\t<div class=\"qodef-m-info\">\n\t\t\t<h6 class=\"qodef-m-title\" >\n\t\tLinfedema Cervicofacial\t<\/h6>\n\t\t\t<div class=\"qodef-m-text\" style=\"line-height: 30px\">\n        <ul><li>Drenaje linf\u00e1tico manual (DLM)<span style=\"font-size: medium\"> y vendajes espec\u00edficos para reducir la inflamaci\u00f3n.<\/span><\/li><li>Ejercicios de movilidad para favorecer el drenaje del l\u00edquido acumulado.<\/li><li>Educaci\u00f3n en <span style=\"font-size: medium\"> cuidados de la piel<\/span><span style=\"font-size: medium\"> para evitar complicaciones.<\/span><\/li><\/ul>    <\/div>\n\t\t\t<\/div>\n<\/div>\n\t\t\t\t<\/div>\n\t\t\t\t<\/div>\n\t\t\t\t<div class=\"elementor-element elementor-element-c444953 elementor-widget-tablet__width-initial elementor-widget__width-initial elementor-widget elementor-widget-hibiscus_core_info_section\" data-id=\"c444953\" data-element_type=\"widget\" data-widget_type=\"hibiscus_core_info_section.default\">\n\t\t\t\t<div class=\"elementor-widget-container\">\n\t\t\t\t\t<div class=\"qodef-shortcode qodef-m  qodef-info-section qodef-layout--background-text  qodef-background-text-pos--top-left\">\n\t<div class=\"qodef-m-background-text\">\n\t\t\t<\/div>\n\t<div class=\"qodef-m-info\">\n\t\t\t<h6 class=\"qodef-m-title\" >\n\t\tFisioterapia en el Postoperatorio y Recuperaci\u00f3n\t<\/h6>\n\t\t\t<div class=\"qodef-m-text\" style=\"line-height: 30px\">\n        <p>Tras una cirug\u00eda en la regi\u00f3n de cabeza y cuello, la fisioterapia juega un papel clave en:<\/p><ul><li>Prevenci\u00f3n y tratamiento de adherencias cicatriciales.<\/li><li>Recuperaci\u00f3n de la movilidad cervical y mandibular.<\/li><li>Manejo del dolor postoperatorio.<\/li><\/ul>    <\/div>\n\t\t\t<\/div>\n<\/div>\n\t\t\t\t<\/div>\n\t\t\t\t<\/div>\n\t\t\t\t\t<\/div>\n\t\t<\/div>\n\t\t\t\t\t<\/div>\n\t\t<\/section>\n\t\t\t\t<\/div>","protected":false},"excerpt":{"rendered":"<p>C\u00e1ncer de Cabeza y Cuello Programas de Tratamiento Fisioterap\u00e9utico El c\u00e1ncer de cabeza y cuello, que incluye tumores en la laringe, lengua, entre otros, suele requerir cirug\u00edas reconstructivas y tratamientos complementarios como quimioterapia y radioterapia. Estos procedimientos pueden generar diversas secuelas que afectan la movilidad y la calidad de vida del paciente. Principales Disfunciones Trismus: [&hellip;]<\/p>","protected":false},"author":1,"featured_media":0,"parent":0,"menu_order":0,"comment_status":"closed","ping_status":"closed","template":"page-full-width.php","meta":{"footnotes":""},"class_list":["post-24780","page","type-page","status-publish","hentry"],"yoast_head":"<!-- This site is optimized with the Yoast SEO plugin v24.6 - https:\/\/yoast.com\/wordpress\/plugins\/seo\/ -->\n<title>C\u00e1ncer de Cabeza y Cuello - Ana Serrano<\/title>\n<meta name=\"robots\" content=\"index, follow, max-snippet:-1, max-image-preview:large, max-video-preview:-1\" \/>\n<link rel=\"canonical\" href=\"https:\/\/anaserrano.essedi.es\/en\/cancer-de-cabeza-y-cuello\/\" \/>\n<meta property=\"og:locale\" content=\"en_GB\" \/>\n<meta property=\"og:type\" content=\"article\" \/>\n<meta property=\"og:title\" content=\"C\u00e1ncer de Cabeza y Cuello - Ana Serrano\" \/>\n<meta property=\"og:description\" content=\"C\u00e1ncer de Cabeza y Cuello Programas de Tratamiento Fisioterap\u00e9utico El c\u00e1ncer de cabeza y cuello, que incluye tumores en la laringe, lengua, entre otros, suele requerir cirug\u00edas reconstructivas y tratamientos complementarios como quimioterapia y radioterapia. Estos procedimientos pueden generar diversas secuelas que afectan la movilidad y la calidad de vida del paciente. Principales Disfunciones Trismus: [&hellip;]\" \/>\n<meta property=\"og:url\" content=\"https:\/\/anaserrano.essedi.es\/en\/cancer-de-cabeza-y-cuello\/\" \/>\n<meta property=\"og:site_name\" content=\"Ana Serrano\" \/>\n<meta property=\"article:modified_time\" content=\"2025-04-04T06:56:17+00:00\" \/>\n<meta name=\"twitter:card\" content=\"summary_large_image\" \/>\n<meta name=\"twitter:label1\" content=\"Estimated reading time\" \/>\n\t<meta name=\"twitter:data1\" content=\"2 minutes\" \/>\n<script type=\"application\/ld+json\" class=\"yoast-schema-graph\">{\"@context\":\"https:\/\/schema.org\",\"@graph\":[{\"@type\":\"WebPage\",\"@id\":\"https:\/\/anaserrano.essedi.es\/cancer-de-cabeza-y-cuello\/\",\"url\":\"https:\/\/anaserrano.essedi.es\/cancer-de-cabeza-y-cuello\/\",\"name\":\"C\u00e1ncer de Cabeza y Cuello - Ana Serrano\",\"isPartOf\":{\"@id\":\"https:\/\/anaserrano.essedi.es\/#website\"},\"datePublished\":\"2025-04-01T08:03:35+00:00\",\"dateModified\":\"2025-04-04T06:56:17+00:00\",\"breadcrumb\":{\"@id\":\"https:\/\/anaserrano.essedi.es\/cancer-de-cabeza-y-cuello\/#breadcrumb\"},\"inLanguage\":\"en-GB\",\"potentialAction\":[{\"@type\":\"ReadAction\",\"target\":[\"https:\/\/anaserrano.essedi.es\/cancer-de-cabeza-y-cuello\/\"]}]},{\"@type\":\"BreadcrumbList\",\"@id\":\"https:\/\/anaserrano.essedi.es\/cancer-de-cabeza-y-cuello\/#breadcrumb\",\"itemListElement\":[{\"@type\":\"ListItem\",\"position\":1,\"name\":\"Portada\",\"item\":\"https:\/\/anaserrano.essedi.es\/\"},{\"@type\":\"ListItem\",\"position\":2,\"name\":\"C\u00e1ncer de Cabeza y Cuello\"}]},{\"@type\":\"WebSite\",\"@id\":\"https:\/\/anaserrano.essedi.es\/#website\",\"url\":\"https:\/\/anaserrano.essedi.es\/\",\"name\":\"Ana Serrano\",\"description\":\"\",\"potentialAction\":[{\"@type\":\"SearchAction\",\"target\":{\"@type\":\"EntryPoint\",\"urlTemplate\":\"https:\/\/anaserrano.essedi.es\/?s={search_term_string}\"},\"query-input\":{\"@type\":\"PropertyValueSpecification\",\"valueRequired\":true,\"valueName\":\"search_term_string\"}}],\"inLanguage\":\"en-GB\"}]}<\/script>\n<!-- \/ Yoast SEO plugin. -->","yoast_head_json":{"title":"C\u00e1ncer de Cabeza y Cuello - Ana Serrano","robots":{"index":"index","follow":"follow","max-snippet":"max-snippet:-1","max-image-preview":"max-image-preview:large","max-video-preview":"max-video-preview:-1"},"canonical":"https:\/\/anaserrano.essedi.es\/en\/cancer-de-cabeza-y-cuello\/","og_locale":"en_GB","og_type":"article","og_title":"C\u00e1ncer de Cabeza y Cuello - Ana Serrano","og_description":"C\u00e1ncer de Cabeza y Cuello Programas de Tratamiento Fisioterap\u00e9utico El c\u00e1ncer de cabeza y cuello, que incluye tumores en la laringe, lengua, entre otros, suele requerir cirug\u00edas reconstructivas y tratamientos complementarios como quimioterapia y radioterapia. Estos procedimientos pueden generar diversas secuelas que afectan la movilidad y la calidad de vida del paciente. Principales Disfunciones Trismus: [&hellip;]","og_url":"https:\/\/anaserrano.essedi.es\/en\/cancer-de-cabeza-y-cuello\/","og_site_name":"Ana Serrano","article_modified_time":"2025-04-04T06:56:17+00:00","twitter_card":"summary_large_image","twitter_misc":{"Estimated reading time":"2 minutes"},"schema":{"@context":"https:\/\/schema.org","@graph":[{"@type":"WebPage","@id":"https:\/\/anaserrano.essedi.es\/cancer-de-cabeza-y-cuello\/","url":"https:\/\/anaserrano.essedi.es\/cancer-de-cabeza-y-cuello\/","name":"C\u00e1ncer de Cabeza y Cuello - Ana Serrano","isPartOf":{"@id":"https:\/\/anaserrano.essedi.es\/#website"},"datePublished":"2025-04-01T08:03:35+00:00","dateModified":"2025-04-04T06:56:17+00:00","breadcrumb":{"@id":"https:\/\/anaserrano.essedi.es\/cancer-de-cabeza-y-cuello\/#breadcrumb"},"inLanguage":"en-GB","potentialAction":[{"@type":"ReadAction","target":["https:\/\/anaserrano.essedi.es\/cancer-de-cabeza-y-cuello\/"]}]},{"@type":"BreadcrumbList","@id":"https:\/\/anaserrano.essedi.es\/cancer-de-cabeza-y-cuello\/#breadcrumb","itemListElement":[{"@type":"ListItem","position":1,"name":"Portada","item":"https:\/\/anaserrano.essedi.es\/"},{"@type":"ListItem","position":2,"name":"C\u00e1ncer de Cabeza y Cuello"}]},{"@type":"WebSite","@id":"https:\/\/anaserrano.essedi.es\/#website","url":"https:\/\/anaserrano.essedi.es\/","name":"Ana Serrano","description":"","potentialAction":[{"@type":"SearchAction","target":{"@type":"EntryPoint","urlTemplate":"https:\/\/anaserrano.essedi.es\/?s={search_term_string}"},"query-input":{"@type":"PropertyValueSpecification","valueRequired":true,"valueName":"search_term_string"}}],"inLanguage":"en-GB"}]}},"_links":{"self":[{"href":"https:\/\/anaserrano.essedi.es\/en\/wp-json\/wp\/v2\/pages\/24780","targetHints":{"allow":["GET"]}}],"collection":[{"href":"https:\/\/anaserrano.essedi.es\/en\/wp-json\/wp\/v2\/pages"}],"about":[{"href":"https:\/\/anaserrano.essedi.es\/en\/wp-json\/wp\/v2\/types\/page"}],"author":[{"embeddable":true,"href":"https:\/\/anaserrano.essedi.es\/en\/wp-json\/wp\/v2\/users\/1"}],"replies":[{"embeddable":true,"href":"https:\/\/anaserrano.essedi.es\/en\/wp-json\/wp\/v2\/comments?post=24780"}],"version-history":[{"count":43,"href":"https:\/\/anaserrano.essedi.es\/en\/wp-json\/wp\/v2\/pages\/24780\/revisions"}],"predecessor-version":[{"id":25237,"href":"https:\/\/anaserrano.essedi.es\/en\/wp-json\/wp\/v2\/pages\/24780\/revisions\/25237"}],"wp:attachment":[{"href":"https:\/\/anaserrano.essedi.es\/en\/wp-json\/wp\/v2\/media?parent=24780"}],"curies":[{"name":"wp","href":"https:\/\/api.w.org\/{rel}","templated":true}]}}