{"id":24749,"date":"2025-04-01T07:42:32","date_gmt":"2025-04-01T07:42:32","guid":{"rendered":"https:\/\/anaserrano.essedi.es\/?page_id=24749"},"modified":"2025-04-04T06:52:38","modified_gmt":"2025-04-04T06:52:38","slug":"cancer-de-mama","status":"publish","type":"page","link":"https:\/\/anaserrano.essedi.es\/en\/cancer-de-mama\/","title":{"rendered":"C\u00e1ncer de mam\u00e1"},"content":{"rendered":"<div data-elementor-type=\"wp-page\" data-elementor-id=\"24749\" class=\"elementor elementor-24749\">\n\t\t\t\t\t\t<section class=\"elementor-section elementor-top-section elementor-element elementor-element-dcc6190 elementor-section-full_width elementor-section-height-min-height qodef-elementor-content-grid elementor-section-stretched elementor-section-height-default elementor-section-items-middle\" data-id=\"dcc6190\" data-element_type=\"section\" data-settings=\"{&quot;background_background&quot;:&quot;classic&quot;,&quot;stretch_section&quot;:&quot;section-stretched&quot;}\">\n\t\t\t\t\t\t<div class=\"elementor-container elementor-column-gap-default\">\n\t\t\t\t\t<div class=\"elementor-column elementor-col-100 elementor-top-column elementor-element elementor-element-cdfad96\" data-id=\"cdfad96\" data-element_type=\"column\">\n\t\t\t<div class=\"elementor-widget-wrap elementor-element-populated\">\n\t\t\t\t\t\t<div class=\"elementor-element elementor-element-e24951e elementor-widget__width-initial elementor-widget-tablet__width-initial elementor-widget elementor-widget-hibiscus_core_section_title\" data-id=\"e24951e\" data-element_type=\"widget\" data-widget_type=\"hibiscus_core_section_title.default\">\n\t\t\t\t<div class=\"elementor-widget-container\">\n\t\t\t\t\t<div class=\"qodef-shortcode qodef-m  qodef-section-title qodef-alignment--center qodef-responsive-center--under-680  qodef--has-appear\">\n\t<div class=\"qodef-e-sunrays\" style=\"color: #FFD52D\">\n\t\t<svg class=\"qodef-svg--sunrays\" xmlns=\"http:\/\/www.w3.org\/2000\/svg\" width=\"55\" height=\"30\" viewbox=\"0 0 55 30\"><g transform=\"translate(-1432 -588)\"><line x1=\"18\" transform=\"translate(1432 617.5)\" fill=\"none\" stroke=\"currentColor\" stroke-miterlimit=\"10\" stroke-width=\"1\"\/><line x1=\"16.628\" y1=\"6.889\" transform=\"translate(1433.458 607.414)\" fill=\"none\" stroke=\"currentColor\" stroke-miterlimit=\"10\" stroke-width=\"1\"\/><line x1=\"12.727\" y1=\"12.728\" transform=\"translate(1439.408 598.494)\" fill=\"none\" stroke=\"currentColor\" stroke-miterlimit=\"10\" stroke-width=\"1\"\/><line x1=\"6.888\" y1=\"16.629\" transform=\"translate(1448.056 591.685)\" fill=\"none\" stroke=\"currentColor\" stroke-miterlimit=\"10\" stroke-width=\"1\"\/><line y1=\"19\" transform=\"translate(1459.5 588)\" fill=\"none\" stroke=\"currentColor\" stroke-miterlimit=\"10\" stroke-width=\"1\"\/><line y1=\"16.631\" x2=\"6.888\" transform=\"translate(1464.056 591.685)\" fill=\"none\" stroke=\"currentColor\" stroke-miterlimit=\"10\" stroke-width=\"1\"\/><line x2=\"12.729\" y1=\"12.729\" y2=\"0\" transform=\"translate(1466.57 598.493)\" fill=\"none\" stroke=\"currentColor\" stroke-miterlimit=\"10\" stroke-width=\"1\"\/><line x2=\"16.631\" y1=\"6.889\" y2=\"0\" transform=\"translate(1468.619 607.414)\" fill=\"none\" stroke=\"currentColor\" stroke-miterlimit=\"10\" stroke-width=\"1\"\/><line x2=\"18\" transform=\"translate(1469 617.5)\" fill=\"none\" stroke=\"currentColor\" stroke-miterlimit=\"10\" stroke-width=\"1\"\/><\/g><\/svg>\t<\/div>\n\t\t<h3 class=\"qodef-m-title\" style=\"color: #FFFFFF\">\n\t\t\t\t\tC\u00e1ncer de mama\t\t\t<\/h3>\n\t\t<\/div>\n\t\t\t\t<\/div>\n\t\t\t\t<\/div>\n\t\t\t\t\t<\/div>\n\t\t<\/div>\n\t\t\t\t\t<\/div>\n\t\t<\/section>\n\t\t\t\t<section class=\"elementor-section elementor-top-section elementor-element elementor-element-0202f23 elementor-section-full_width qodef-elementor-content-grid elementor-section-stretched elementor-section-height-default elementor-section-height-default\" data-id=\"0202f23\" data-element_type=\"section\" data-settings=\"{&quot;stretch_section&quot;:&quot;section-stretched&quot;}\">\n\t\t\t\t\t\t<div class=\"elementor-container elementor-column-gap-default\">\n\t\t\t\t\t<div class=\"elementor-column elementor-col-100 elementor-top-column elementor-element elementor-element-ccd87f2\" data-id=\"ccd87f2\" data-element_type=\"column\">\n\t\t\t<div class=\"elementor-widget-wrap elementor-element-populated\">\n\t\t\t\t\t\t<div class=\"elementor-element elementor-element-fa0849d elementor-widget-tablet__width-initial elementor-widget__width-initial elementor-widget elementor-widget-hibiscus_core_info_section\" data-id=\"fa0849d\" data-element_type=\"widget\" data-widget_type=\"hibiscus_core_info_section.default\">\n\t\t\t\t<div class=\"elementor-widget-container\">\n\t\t\t\t\t<div class=\"qodef-shortcode qodef-m  qodef-info-section qodef-layout--background-text  qodef-background-text-pos--top-left\">\n\t<div class=\"qodef-m-background-text\">\n\t\t\t<\/div>\n\t<div class=\"qodef-m-info\">\n\t\t\t\t\t<div class=\"qodef-m-text\" style=\"line-height: 25px\">\n        <p><span style=\"font-size: medium\">Las pacientes con c\u00e1ncer de mama pueden desarrollar secuelas relacionadas tanto con la cirug\u00eda como con la radioterapia a lo largo del tratamiento y tras el tratamiento a medio y largo plazo.<\/span><\/p><p><span style=\"font-size: medium\">La fisioterapia en el abordaje del c\u00e1ncer de mama comprende m\u00faltiples herramientas para abordar los problemas que presentan las pacientes como:<\/span><\/p>    <\/div>\n\t\t\t<\/div>\n<\/div>\n\t\t\t\t<\/div>\n\t\t\t\t<\/div>\n\t\t\t\t<div class=\"elementor-element elementor-element-5f4db2d elementor-widget-tablet__width-initial elementor-widget__width-initial elementor-widget elementor-widget-hibiscus_core_info_section\" data-id=\"5f4db2d\" data-element_type=\"widget\" data-widget_type=\"hibiscus_core_info_section.default\">\n\t\t\t\t<div class=\"elementor-widget-container\">\n\t\t\t\t\t<div class=\"qodef-shortcode qodef-m  qodef-info-section qodef-layout--background-text  qodef-background-text-pos--top-left\">\n\t<div class=\"qodef-m-background-text\">\n\t\t\t<\/div>\n\t<div class=\"qodef-m-info\">\n\t\t\t\t\t<div class=\"qodef-m-text\" style=\"line-height: 30px\">\n        <ul><li>Linfedema<\/li><li>Sindrome Axilar<\/li><li>Patolog\u00eda del hombro<\/li><li>Adherencias cicatrizales<\/li><li>Fibrosis de la piel y tejido subcut\u00e1neo<\/li><\/ul>    <\/div>\n\t\t\t<\/div>\n<\/div>\n\t\t\t\t<\/div>\n\t\t\t\t<\/div>\n\t\t\t\t<div class=\"elementor-element elementor-element-90b4e86 elementor-widget__width-initial elementor-widget elementor-widget-text-editor\" data-id=\"90b4e86\" data-element_type=\"widget\" data-widget_type=\"text-editor.default\">\n\t\t\t\t<div class=\"elementor-widget-container\">\n\t\t\t\t\t\t\t\t\t<p><span style=\"font-size: medium;\">En Oncofisio el objetivo es acompa\u00f1arte en cada etapa, favoreciendo una recuperaci\u00f3n funcional \u00f3ptima y promoviendo tu bienestar.<\/span><\/p>\t\t\t\t\t\t\t\t<\/div>\n\t\t\t\t<\/div>\n\t\t<div class=\"elementor-element elementor-element-a5dfa6d e-grid e-con-full qodef-elementor-content-no e-con e-parent\" data-id=\"a5dfa6d\" data-element_type=\"container\">\n\t\t\t\t<div class=\"elementor-element elementor-element-1539324 elementor-widget-tablet__width-initial elementor-widget__width-initial elementor-widget elementor-widget-hibiscus_core_info_section\" data-id=\"1539324\" data-element_type=\"widget\" data-widget_type=\"hibiscus_core_info_section.default\">\n\t\t\t\t<div class=\"elementor-widget-container\">\n\t\t\t\t\t<div class=\"qodef-shortcode qodef-m  qodef-info-section qodef-layout--background-text  qodef-background-text-pos--top-left\">\n\t<div class=\"qodef-m-background-text\">\n\t\t\t<\/div>\n\t<div class=\"qodef-m-info\">\n\t\t\t<h6 class=\"qodef-m-title\" >\n\t\tProgramas\t<\/h6>\n\t\t\t\t\t<\/div>\n<\/div>\n\t\t\t\t<\/div>\n\t\t\t\t<\/div>\n\t\t\t\t<\/div>\n\t\t\t\t<div class=\"elementor-element elementor-element-7f463b6 elementor-widget__width-initial elementor-widget elementor-widget-text-editor\" data-id=\"7f463b6\" data-element_type=\"widget\" data-widget_type=\"text-editor.default\">\n\t\t\t\t<div class=\"elementor-widget-container\">\n\t\t\t\t\t\t\t\t\t<ul><li><strong>Prevenci\u00f3n y tratamiento del linfedema:<\/strong> Aplicamos terapia descongestiva compleja, combinando drenaje linf\u00e1tico, vendajes, ejercicios espec\u00edficos y cuidados de la piel para reducir y controlar la inflamaci\u00f3n.<\/li><li><strong>Ejercicio terap\u00e9utico adaptado:<\/strong> Dise\u00f1amos programas de ejercicio individualizados para mejorar la fuerza, movilidad y control postural, reduciendo la fatiga sin aumentar el riesgo de linfedema.<\/li><li><strong>Manejo de cicatrices y tejidos:<\/strong> Trabajamos la elasticidad de los tejidos mediante terapia manual y t\u00e9cnicas de liberaci\u00f3n miofascial, favoreciendo la recuperaci\u00f3n tras la cirug\u00eda o la reconstrucci\u00f3n mamaria.<\/li><\/ul>\t\t\t\t\t\t\t\t<\/div>\n\t\t\t\t<\/div>\n\t\t\t\t\t<\/div>\n\t\t<\/div>\n\t\t\t\t\t<\/div>\n\t\t<\/section>\n\t\t\t\t<\/div>","protected":false},"excerpt":{"rendered":"<p>C\u00e1ncer de mama Las pacientes con c\u00e1ncer de mama pueden desarrollar secuelas relacionadas tanto con la cirug\u00eda como con la radioterapia a lo largo del tratamiento y tras el tratamiento a medio y largo plazo. La fisioterapia en el abordaje del c\u00e1ncer de mama comprende m\u00faltiples herramientas para abordar los problemas que presentan las pacientes [&hellip;]<\/p>","protected":false},"author":1,"featured_media":0,"parent":0,"menu_order":0,"comment_status":"closed","ping_status":"closed","template":"page-full-width.php","meta":{"footnotes":""},"class_list":["post-24749","page","type-page","status-publish","hentry"],"yoast_head":"<!-- This site is optimized with the Yoast SEO plugin v24.6 - https:\/\/yoast.com\/wordpress\/plugins\/seo\/ -->\n<title>C\u00e1ncer de mam\u00e1 - Ana Serrano<\/title>\n<meta name=\"robots\" content=\"index, follow, max-snippet:-1, max-image-preview:large, max-video-preview:-1\" \/>\n<link rel=\"canonical\" href=\"https:\/\/anaserrano.essedi.es\/en\/cancer-de-mama\/\" \/>\n<meta property=\"og:locale\" content=\"en_GB\" \/>\n<meta property=\"og:type\" content=\"article\" \/>\n<meta property=\"og:title\" content=\"C\u00e1ncer de mam\u00e1 - Ana Serrano\" \/>\n<meta property=\"og:description\" content=\"C\u00e1ncer de mama Las pacientes con c\u00e1ncer de mama pueden desarrollar secuelas relacionadas tanto con la cirug\u00eda como con la radioterapia a lo largo del tratamiento y tras el tratamiento a medio y largo plazo. La fisioterapia en el abordaje del c\u00e1ncer de mama comprende m\u00faltiples herramientas para abordar los problemas que presentan las pacientes [&hellip;]\" \/>\n<meta property=\"og:url\" content=\"https:\/\/anaserrano.essedi.es\/en\/cancer-de-mama\/\" \/>\n<meta property=\"og:site_name\" content=\"Ana Serrano\" \/>\n<meta property=\"article:modified_time\" content=\"2025-04-04T06:52:38+00:00\" \/>\n<meta name=\"twitter:card\" content=\"summary_large_image\" \/>\n<meta name=\"twitter:label1\" content=\"Estimated reading time\" \/>\n\t<meta name=\"twitter:data1\" content=\"1 minute\" \/>\n<script type=\"application\/ld+json\" class=\"yoast-schema-graph\">{\"@context\":\"https:\/\/schema.org\",\"@graph\":[{\"@type\":\"WebPage\",\"@id\":\"https:\/\/anaserrano.essedi.es\/cancer-de-mama\/\",\"url\":\"https:\/\/anaserrano.essedi.es\/cancer-de-mama\/\",\"name\":\"C\u00e1ncer de mam\u00e1 - Ana Serrano\",\"isPartOf\":{\"@id\":\"https:\/\/anaserrano.essedi.es\/#website\"},\"datePublished\":\"2025-04-01T07:42:32+00:00\",\"dateModified\":\"2025-04-04T06:52:38+00:00\",\"breadcrumb\":{\"@id\":\"https:\/\/anaserrano.essedi.es\/cancer-de-mama\/#breadcrumb\"},\"inLanguage\":\"en-GB\",\"potentialAction\":[{\"@type\":\"ReadAction\",\"target\":[\"https:\/\/anaserrano.essedi.es\/cancer-de-mama\/\"]}]},{\"@type\":\"BreadcrumbList\",\"@id\":\"https:\/\/anaserrano.essedi.es\/cancer-de-mama\/#breadcrumb\",\"itemListElement\":[{\"@type\":\"ListItem\",\"position\":1,\"name\":\"Portada\",\"item\":\"https:\/\/anaserrano.essedi.es\/\"},{\"@type\":\"ListItem\",\"position\":2,\"name\":\"C\u00e1ncer de mam\u00e1\"}]},{\"@type\":\"WebSite\",\"@id\":\"https:\/\/anaserrano.essedi.es\/#website\",\"url\":\"https:\/\/anaserrano.essedi.es\/\",\"name\":\"Ana Serrano\",\"description\":\"\",\"potentialAction\":[{\"@type\":\"SearchAction\",\"target\":{\"@type\":\"EntryPoint\",\"urlTemplate\":\"https:\/\/anaserrano.essedi.es\/?s={search_term_string}\"},\"query-input\":{\"@type\":\"PropertyValueSpecification\",\"valueRequired\":true,\"valueName\":\"search_term_string\"}}],\"inLanguage\":\"en-GB\"}]}<\/script>\n<!-- \/ Yoast SEO plugin. -->","yoast_head_json":{"title":"C\u00e1ncer de mam\u00e1 - Ana Serrano","robots":{"index":"index","follow":"follow","max-snippet":"max-snippet:-1","max-image-preview":"max-image-preview:large","max-video-preview":"max-video-preview:-1"},"canonical":"https:\/\/anaserrano.essedi.es\/en\/cancer-de-mama\/","og_locale":"en_GB","og_type":"article","og_title":"C\u00e1ncer de mam\u00e1 - Ana Serrano","og_description":"C\u00e1ncer de mama Las pacientes con c\u00e1ncer de mama pueden desarrollar secuelas relacionadas tanto con la cirug\u00eda como con la radioterapia a lo largo del tratamiento y tras el tratamiento a medio y largo plazo. La fisioterapia en el abordaje del c\u00e1ncer de mama comprende m\u00faltiples herramientas para abordar los problemas que presentan las pacientes [&hellip;]","og_url":"https:\/\/anaserrano.essedi.es\/en\/cancer-de-mama\/","og_site_name":"Ana Serrano","article_modified_time":"2025-04-04T06:52:38+00:00","twitter_card":"summary_large_image","twitter_misc":{"Estimated reading time":"1 minute"},"schema":{"@context":"https:\/\/schema.org","@graph":[{"@type":"WebPage","@id":"https:\/\/anaserrano.essedi.es\/cancer-de-mama\/","url":"https:\/\/anaserrano.essedi.es\/cancer-de-mama\/","name":"C\u00e1ncer de mam\u00e1 - Ana Serrano","isPartOf":{"@id":"https:\/\/anaserrano.essedi.es\/#website"},"datePublished":"2025-04-01T07:42:32+00:00","dateModified":"2025-04-04T06:52:38+00:00","breadcrumb":{"@id":"https:\/\/anaserrano.essedi.es\/cancer-de-mama\/#breadcrumb"},"inLanguage":"en-GB","potentialAction":[{"@type":"ReadAction","target":["https:\/\/anaserrano.essedi.es\/cancer-de-mama\/"]}]},{"@type":"BreadcrumbList","@id":"https:\/\/anaserrano.essedi.es\/cancer-de-mama\/#breadcrumb","itemListElement":[{"@type":"ListItem","position":1,"name":"Portada","item":"https:\/\/anaserrano.essedi.es\/"},{"@type":"ListItem","position":2,"name":"C\u00e1ncer de mam\u00e1"}]},{"@type":"WebSite","@id":"https:\/\/anaserrano.essedi.es\/#website","url":"https:\/\/anaserrano.essedi.es\/","name":"Ana Serrano","description":"","potentialAction":[{"@type":"SearchAction","target":{"@type":"EntryPoint","urlTemplate":"https:\/\/anaserrano.essedi.es\/?s={search_term_string}"},"query-input":{"@type":"PropertyValueSpecification","valueRequired":true,"valueName":"search_term_string"}}],"inLanguage":"en-GB"}]}},"_links":{"self":[{"href":"https:\/\/anaserrano.essedi.es\/en\/wp-json\/wp\/v2\/pages\/24749","targetHints":{"allow":["GET"]}}],"collection":[{"href":"https:\/\/anaserrano.essedi.es\/en\/wp-json\/wp\/v2\/pages"}],"about":[{"href":"https:\/\/anaserrano.essedi.es\/en\/wp-json\/wp\/v2\/types\/page"}],"author":[{"embeddable":true,"href":"https:\/\/anaserrano.essedi.es\/en\/wp-json\/wp\/v2\/users\/1"}],"replies":[{"embeddable":true,"href":"https:\/\/anaserrano.essedi.es\/en\/wp-json\/wp\/v2\/comments?post=24749"}],"version-history":[{"count":62,"href":"https:\/\/anaserrano.essedi.es\/en\/wp-json\/wp\/v2\/pages\/24749\/revisions"}],"predecessor-version":[{"id":25232,"href":"https:\/\/anaserrano.essedi.es\/en\/wp-json\/wp\/v2\/pages\/24749\/revisions\/25232"}],"wp:attachment":[{"href":"https:\/\/anaserrano.essedi.es\/en\/wp-json\/wp\/v2\/media?parent=24749"}],"curies":[{"name":"wp","href":"https:\/\/api.w.org\/{rel}","templated":true}]}}